{"id":578,"date":"2020-08-14T01:33:41","date_gmt":"2020-08-13T23:33:41","guid":{"rendered":"http:\/\/sbimeov.cluster028.hosting.ovh.net\/admin\/?page_id=578"},"modified":"2024-10-02T21:28:23","modified_gmt":"2024-10-02T19:28:23","slug":"la-drache","status":"publish","type":"page","link":"http:\/\/sbimeov.cluster028.hosting.ovh.net\/admin\/index.php\/home\/soutenez-nous\/la-drache\/","title":{"rendered":"Foodies for Spes Bona"},"content":{"rendered":"\n<p class=\"has-text-align-center\">Vous souhaitez joindre l&#8217;utile \u00e0 l&#8217;agr\u00e9able ? Nous soutenir en d\u00e9gustant une d\u00e9licieuse bi\u00e8re blonde ? <br><br><strong>D\u00e9couvrez la merveilleuse Drache\u00ae ! <\/strong><br><br><\/p>\n\n\n\n<div class=\"wp-block-image is-style-default\"><figure class=\"aligncenter size-full\"><img loading=\"lazy\" decoding=\"async\" width=\"442\" height=\"491\" src=\"http:\/\/sbimeov.cluster028.hosting.ovh.net\/admin\/wp-content\/uploads\/2020\/08\/drache.png\" alt=\"\" class=\"wp-image-646\" srcset=\"http:\/\/sbimeov.cluster028.hosting.ovh.net\/admin\/wp-content\/uploads\/2020\/08\/drache.png 442w, http:\/\/sbimeov.cluster028.hosting.ovh.net\/admin\/wp-content\/uploads\/2020\/08\/drache-270x300.png 270w\" sizes=\"(max-width: 442px) 100vw, 442px\" \/><\/figure><\/div>\n\n\n\n<p><strong>La Drache ?<\/strong><br>Incarnation du belgicisme, la \u00ab drache \u00bb fait partie de l\u2019identit\u00e9 linguistique de tout bon Wallon et Bruxellois. Le mot viendrait de l\u2019allemand \u00ab dreschen \u00bb qui \u00e9voque le bruit que fait le bl\u00e9 lorsqu\u2019il est battu au fl\u00e9au avant de d\u00e9signer, par analogie sonore, les fortes averses qui rythment nos climats nordiques. La \u00ab drache \u00bb ou \u00ab dr\u00e8che \u00bb est aussi le nom donn\u00e9 aux r\u00e9sidus issus des c\u00e9r\u00e9ales ayant servi au brassage. En Belgique, le terme prend des allures de guindaille en d\u00e9signant une tourn\u00e9e g\u00e9n\u00e9rale\u2026 !<\/p>\n\n\n\n<p>Brass\u00e9e \u00e0 base de c\u00e9r\u00e9ales belges au sein de la brasserie Jandrain-Jandrenouille, la Drache\u00ae est une bi\u00e8re de soif, d\u00e9salt\u00e9rante et vive en bouche. Partant d\u2019une base de bi\u00e8re blonde \u00e0 base de malt d\u2019orge, 20 % de froment lui apporte une couleur trouble et le cot\u00e9 vif et rafraichissant d\u2019une bi\u00e8re blanche. Deux houblons aromatiques (houblonnage \u00e0 chaud et \u00e0 froid) que compl\u00e8te un houblon am\u00e9risant lui donnent un nez floral avec des ar\u00f4mes d\u2019agrumes et de pin en bouche. Son amertume aux environs de 35 IBU la rend consensuelle et subtile. Non filtr\u00e9e et referment\u00e9e en bouteille, la Drache\u00ae poss\u00e8de une robe dor\u00e9e et une turbidit\u00e9 authentique. Avec ses 6,5 degr\u00e9s elle vous charme \u00e0 l\u2019ap\u00e9ro et r\u00e9clame vite sa petite soeur\u2026<\/p>\n\n\n\n<p><\/p>\n\n\n\n<p><strong>Vous en voulez ? <\/strong><br>Vendue deux euros la bouteilles, la Drache\u00ae n&#8217;est (pour l&#8217;instant) disponible que sur commande. Vous pouvez remplir le formulaire ci-dessous ou nous contacter via les adresses suivantes:  biereladrache@gmail.com ou admin@spesbona.info<\/p>\n\n\n\n<p><br><\/p>\n\n\n<noscript class=\"ninja-forms-noscript-message\">\n    Notice: JavaScript is required for this content.<\/noscript><div id=\"nf-form-7-cont\" class=\"nf-form-cont\" aria-live=\"polite\" aria-labelledby=\"nf-form-title-7\" aria-describedby=\"nf-form-errors-7\" role=\"form\">\n\n    <div class=\"nf-loading-spinner\"><\/div>\n\n<\/div>\n        <!-- TODO: Move to Template File. -->\n        <script>var formDisplay=1;var nfForms=nfForms||[];var form=[];form.id='7';form.settings={\"objectType\":\"Form Setting\",\"editActive\":true,\"title\":\"Que pleuvent les Draches !\",\"show_title\":1,\"allow_public_link\":0,\"embed_form\":\"\",\"clear_complete\":1,\"hide_complete\":1,\"default_label_pos\":\"above\",\"wrapper_class\":\"\",\"element_class\":\"\",\"key\":\"\",\"add_submit\":1,\"changeEmailErrorMsg\":\"Please enter a valid email address!\",\"changeDateErrorMsg\":\"Please enter a valid date!\",\"confirmFieldErrorMsg\":\"These fields must match!\",\"fieldNumberNumMinError\":\"Number Min Error\",\"fieldNumberNumMaxError\":\"Number Max Error\",\"fieldNumberIncrementBy\":\"Please increment by \",\"formErrorsCorrectErrors\":\"Please correct errors before submitting this form.\",\"validateRequiredField\":\"This is a required field.\",\"honeypotHoneypotError\":\"Honeypot Error\",\"fieldsMarkedRequired\":\"Fields marked with an <span class=\\\"ninja-forms-req-symbol\\\">*<\\\/span> are required\",\"currency\":\"\",\"unique_field_error\":\"Un formulaire avec cette valeur a d\\u00e9j\\u00e0 \\u00e9t\\u00e9 envoy\\u00e9.\",\"logged_in\":false,\"not_logged_in_msg\":\"\",\"sub_limit_msg\":\"Le formulaire a atteint sa limite d\\u2019entr\\u00e9es.\",\"calculations\":[],\"formContentData\":[\"firstname_1597787556378\",\"lastname_1597787562533\",\"email_1597787565928\",\"address_1597787571873\",\"zip_1597787581277\",\"city_1597787575280\",\"phone_1597787586509\",\"nombre_de_bouteilles_souhaitees_1597787700076\",\"commentaire_1597787673046\",\"submit_1597787830906\"],\"drawerDisabled\":false,\"ninjaForms\":\"Ninja Forms\",\"fieldTextareaRTEInsertLink\":\"Insert Link\",\"fieldTextareaRTEInsertMedia\":\"Insert Media\",\"fieldTextareaRTESelectAFile\":\"Select a file\",\"formHoneypot\":\"If you are a human seeing this field, please leave it empty.\",\"fileUploadOldCodeFileUploadInProgress\":\"File Upload in Progress.\",\"fileUploadOldCodeFileUpload\":\"FILE UPLOAD\",\"currencySymbol\":false,\"thousands_sep\":\",\",\"decimal_point\":\".\",\"siteLocale\":\"en_US\",\"dateFormat\":\"m\\\/d\\\/Y\",\"startOfWeek\":\"1\",\"of\":\"of\",\"previousMonth\":\"Previous Month\",\"nextMonth\":\"Next Month\",\"months\":[\"January\",\"February\",\"March\",\"April\",\"May\",\"June\",\"July\",\"August\",\"September\",\"October\",\"November\",\"December\"],\"monthsShort\":[\"Jan\",\"Feb\",\"Mar\",\"Apr\",\"May\",\"Jun\",\"Jul\",\"Aug\",\"Sep\",\"Oct\",\"Nov\",\"Dec\"],\"weekdays\":[\"Sunday\",\"Monday\",\"Tuesday\",\"Wednesday\",\"Thursday\",\"Friday\",\"Saturday\"],\"weekdaysShort\":[\"Sun\",\"Mon\",\"Tue\",\"Wed\",\"Thu\",\"Fri\",\"Sat\"],\"weekdaysMin\":[\"Su\",\"Mo\",\"Tu\",\"We\",\"Th\",\"Fr\",\"Sa\"],\"currency_symbol\":\"\",\"beforeForm\":\"\",\"beforeFields\":\"\",\"afterFields\":\"\",\"afterForm\":\"\"};form.fields=[{\"objectType\":\"Field\",\"objectDomain\":\"fields\",\"editActive\":false,\"order\":1,\"label\":\"Pr\\u00e9nom\",\"type\":\"firstname\",\"key\":\"firstname_1597787556378\",\"label_pos\":\"above\",\"required\":1,\"default\":\"\",\"placeholder\":\"\",\"container_class\":\"\",\"element_class\":\"\",\"admin_label\":\"\",\"help_text\":\"\",\"custom_name_attribute\":\"fname\",\"personally_identifiable\":1,\"value\":\"\",\"id\":31,\"beforeField\":\"\",\"afterField\":\"\",\"parentType\":\"firstname\",\"element_templates\":[\"firstname\",\"input\"],\"old_classname\":\"\",\"wrap_template\":\"wrap\"},{\"objectType\":\"Field\",\"objectDomain\":\"fields\",\"editActive\":false,\"order\":2,\"label\":\"Nom\",\"type\":\"lastname\",\"key\":\"lastname_1597787562533\",\"label_pos\":\"above\",\"required\":1,\"default\":\"\",\"placeholder\":\"\",\"container_class\":\"\",\"element_class\":\"\",\"admin_label\":\"\",\"help_text\":\"\",\"custom_name_attribute\":\"lname\",\"personally_identifiable\":1,\"value\":\"\",\"id\":32,\"beforeField\":\"\",\"afterField\":\"\",\"parentType\":\"lastname\",\"element_templates\":[\"lastname\",\"input\"],\"old_classname\":\"\",\"wrap_template\":\"wrap\"},{\"objectType\":\"Field\",\"objectDomain\":\"fields\",\"editActive\":false,\"order\":3,\"label\":\"E-mail\",\"type\":\"email\",\"key\":\"email_1597787565928\",\"label_pos\":\"above\",\"required\":1,\"default\":\"\",\"placeholder\":\"\",\"container_class\":\"\",\"element_class\":\"\",\"admin_label\":\"\",\"help_text\":\"\",\"custom_name_attribute\":\"email\",\"personally_identifiable\":1,\"value\":\"\",\"id\":33,\"beforeField\":\"\",\"afterField\":\"\",\"parentType\":\"email\",\"element_templates\":[\"email\",\"input\"],\"old_classname\":\"\",\"wrap_template\":\"wrap\"},{\"objectType\":\"Field\",\"objectDomain\":\"fields\",\"editActive\":false,\"order\":4,\"label\":\"Adresse\",\"type\":\"address\",\"key\":\"address_1597787571873\",\"label_pos\":\"above\",\"required\":false,\"default\":\"\",\"placeholder\":\"\",\"container_class\":\"\",\"element_class\":\"\",\"input_limit\":\"\",\"input_limit_type\":\"characters\",\"input_limit_msg\":\"Caract\\u00e8re(s) restant(s)\",\"manual_key\":false,\"admin_label\":\"\",\"help_text\":\"\",\"mask\":\"\",\"custom_mask\":\"\",\"custom_name_attribute\":\"address\",\"personally_identifiable\":1,\"value\":\"\",\"id\":34,\"beforeField\":\"\",\"afterField\":\"\",\"parentType\":\"address\",\"element_templates\":[\"address\",\"textbox\",\"input\"],\"old_classname\":\"\",\"wrap_template\":\"wrap\"},{\"objectType\":\"Field\",\"objectDomain\":\"fields\",\"editActive\":false,\"order\":5,\"label\":\"Code postal\",\"type\":\"zip\",\"key\":\"zip_1597787581277\",\"label_pos\":\"above\",\"required\":false,\"default\":\"\",\"placeholder\":\"\",\"container_class\":\"\",\"element_class\":\"\",\"input_limit\":\"\",\"input_limit_type\":\"characters\",\"input_limit_msg\":\"Caract\\u00e8re(s) restant(s)\",\"manual_key\":false,\"admin_label\":\"\",\"help_text\":\"\",\"mask\":\"\",\"custom_mask\":\"\",\"custom_name_attribute\":\"zip\",\"personally_identifiable\":\"\",\"value\":\"\",\"id\":35,\"beforeField\":\"\",\"afterField\":\"\",\"parentType\":\"zip\",\"element_templates\":[\"zip\",\"textbox\",\"input\",\"textbox\",\"input\"],\"old_classname\":\"\",\"wrap_template\":\"wrap\"},{\"objectType\":\"Field\",\"objectDomain\":\"fields\",\"editActive\":false,\"order\":6,\"label\":\"Ville\",\"type\":\"city\",\"key\":\"city_1597787575280\",\"label_pos\":\"above\",\"required\":false,\"default\":\"\",\"placeholder\":\"\",\"container_class\":\"\",\"element_class\":\"\",\"input_limit\":\"\",\"input_limit_type\":\"characters\",\"input_limit_msg\":\"Caract\\u00e8re(s) restant(s)\",\"manual_key\":false,\"admin_label\":\"\",\"help_text\":\"\",\"mask\":\"\",\"custom_mask\":\"\",\"custom_name_attribute\":\"city\",\"personally_identifiable\":\"\",\"value\":\"\",\"id\":36,\"beforeField\":\"\",\"afterField\":\"\",\"parentType\":\"city\",\"element_templates\":[\"city\",\"textbox\",\"input\"],\"old_classname\":\"\",\"wrap_template\":\"wrap\"},{\"objectType\":\"Field\",\"objectDomain\":\"fields\",\"editActive\":false,\"order\":7,\"label\":\"T\\u00e9l.\",\"type\":\"phone\",\"key\":\"phone_1597787586509\",\"label_pos\":\"above\",\"required\":false,\"default\":\"\",\"placeholder\":\"\",\"container_class\":\"\",\"element_class\":\"\",\"input_limit\":\"\",\"input_limit_type\":\"characters\",\"input_limit_msg\":\"Caract\\u00e8re(s) restant(s)\",\"manual_key\":false,\"admin_label\":\"\",\"help_text\":\"\",\"mask\":\"\",\"custom_mask\":\"\",\"custom_name_attribute\":\"phone\",\"personally_identifiable\":1,\"value\":\"\",\"id\":37,\"beforeField\":\"\",\"afterField\":\"\",\"parentType\":\"textbox\",\"element_templates\":[\"tel\",\"textbox\",\"input\"],\"old_classname\":\"\",\"wrap_template\":\"wrap\"},{\"objectType\":\"Field\",\"objectDomain\":\"fields\",\"editActive\":false,\"order\":8,\"label\":\"Nombre de bouteilles souhait\\u00e9es\",\"type\":\"number\",\"key\":\"nombre_de_bouteilles_souhaitees_1597787700076\",\"label_pos\":\"above\",\"required\":false,\"default\":\"\",\"placeholder\":\"\",\"container_class\":\"\",\"element_class\":\"\",\"manual_key\":false,\"admin_label\":\"\",\"help_text\":\"\",\"num_min\":\"\",\"num_max\":\"\",\"num_step\":1,\"value\":\"\",\"drawerDisabled\":false,\"id\":38,\"beforeField\":\"\",\"afterField\":\"\",\"parentType\":\"number\",\"element_templates\":[\"number\",\"input\"],\"old_classname\":\"\",\"wrap_template\":\"wrap\"},{\"objectType\":\"Field\",\"objectDomain\":\"fields\",\"editActive\":false,\"order\":9,\"label\":\"Commentaire\",\"type\":\"textbox\",\"key\":\"commentaire_1597787673046\",\"label_pos\":\"above\",\"required\":false,\"default\":\"\",\"placeholder\":\"\",\"container_class\":\"\",\"element_class\":\"\",\"input_limit\":\"\",\"input_limit_type\":\"characters\",\"input_limit_msg\":\"Caract\\u00e8re(s) restant(s)\",\"manual_key\":false,\"admin_label\":\"\",\"help_text\":\"\",\"mask\":\"\",\"custom_mask\":\"\",\"custom_name_attribute\":\"\",\"personally_identifiable\":\"\",\"value\":\"\",\"drawerDisabled\":false,\"id\":39,\"beforeField\":\"\",\"afterField\":\"\",\"parentType\":\"textbox\",\"element_templates\":[\"textbox\",\"input\"],\"old_classname\":\"\",\"wrap_template\":\"wrap\"},{\"objectType\":\"Field\",\"objectDomain\":\"fields\",\"editActive\":false,\"order\":9999,\"type\":\"submit\",\"label\":\"Submit\",\"processing_label\":\"En cours de traitement\",\"container_class\":\"\",\"element_class\":\"\",\"key\":\"submit_1597787830906\",\"id\":40,\"beforeField\":\"\",\"afterField\":\"\",\"value\":\"\",\"label_pos\":\"above\",\"parentType\":\"textbox\",\"element_templates\":[\"submit\",\"button\",\"input\"],\"old_classname\":\"\",\"wrap_template\":\"wrap-no-label\"}];nfForms.push(form);<\/script>\n        ","protected":false},"excerpt":{"rendered":"<p>Vous souhaitez joindre l&#8217;utile \u00e0 l&#8217;agr\u00e9able ? Nous soutenir en d\u00e9gustant une d\u00e9licieuse bi\u00e8re blonde ? D\u00e9couvrez la merveilleuse Drache\u00ae ! La Drache ?Incarnation du belgicisme, la \u00ab drache \u00bb fait partie de l\u2019identit\u00e9 linguistique de tout bon Wallon et Bruxellois. Le mot viendrait de l\u2019allemand \u00ab dreschen \u00bb qui \u00e9voque le bruit que fait &hellip; <\/p>\n<p class=\"link-more\"><a href=\"http:\/\/sbimeov.cluster028.hosting.ovh.net\/admin\/index.php\/home\/soutenez-nous\/la-drache\/\" class=\"more-link\">Continue reading<span class=\"screen-reader-text\"> &#8220;Foodies for Spes Bona&#8221;<\/span><\/a><\/p>\n","protected":false},"author":1,"featured_media":0,"parent":195,"menu_order":0,"comment_status":"closed","ping_status":"closed","template":"","meta":{"footnotes":""},"class_list":["post-578","page","type-page","status-publish","hentry"],"_links":{"self":[{"href":"http:\/\/sbimeov.cluster028.hosting.ovh.net\/admin\/index.php\/wp-json\/wp\/v2\/pages\/578"}],"collection":[{"href":"http:\/\/sbimeov.cluster028.hosting.ovh.net\/admin\/index.php\/wp-json\/wp\/v2\/pages"}],"about":[{"href":"http:\/\/sbimeov.cluster028.hosting.ovh.net\/admin\/index.php\/wp-json\/wp\/v2\/types\/page"}],"author":[{"embeddable":true,"href":"http:\/\/sbimeov.cluster028.hosting.ovh.net\/admin\/index.php\/wp-json\/wp\/v2\/users\/1"}],"replies":[{"embeddable":true,"href":"http:\/\/sbimeov.cluster028.hosting.ovh.net\/admin\/index.php\/wp-json\/wp\/v2\/comments?post=578"}],"version-history":[{"count":12,"href":"http:\/\/sbimeov.cluster028.hosting.ovh.net\/admin\/index.php\/wp-json\/wp\/v2\/pages\/578\/revisions"}],"predecessor-version":[{"id":1152,"href":"http:\/\/sbimeov.cluster028.hosting.ovh.net\/admin\/index.php\/wp-json\/wp\/v2\/pages\/578\/revisions\/1152"}],"up":[{"embeddable":true,"href":"http:\/\/sbimeov.cluster028.hosting.ovh.net\/admin\/index.php\/wp-json\/wp\/v2\/pages\/195"}],"wp:attachment":[{"href":"http:\/\/sbimeov.cluster028.hosting.ovh.net\/admin\/index.php\/wp-json\/wp\/v2\/media?parent=578"}],"curies":[{"name":"wp","href":"https:\/\/api.w.org\/{rel}","templated":true}]}}